{"id":20489,"date":"2022-10-25T15:50:08","date_gmt":"2022-10-25T19:50:08","guid":{"rendered":"https:\/\/www.o-maximum.ca\/?page_id=20489"},"modified":"2023-10-19T13:59:40","modified_gmt":"2023-10-19T17:59:40","slug":"privacy-policy","status":"publish","type":"page","link":"https:\/\/www.o-maximum.ca\/en\/privacy-policy\/","title":{"rendered":"Privacy policy"},"content":{"rendered":"<section class=\"body-container privacy-policy-container py-4\">\n<div class=\"container\">\n<div class=\"row\">\n<div class=\"col-12\">POLITIQUE DE CONFIDENTIALIT\u00c9 ET DE PROTECTION DES<br \/>\nRENSEIGNEMENTS PERSONNELS<br \/>\nNOTE : Veuillez lire cette politique de confidentialit\u00e9 au complet avant d&#8217;utiliser notre site<br \/>\nWeb.<br \/>\nAux fins de la pr\u00e9sente politique de confidentialit\u00e9, la compagnie O-Maximum sera<br \/>\nd\u00e9sign\u00e9e sous le nom de &#8221; L&#8217;ORGANISATION &#8220;.<br \/>\nMerci de visiter le site Internet de L\u2019ORGANISATION et de prendre connaissance de sa<br \/>\npolitique de confidentialit\u00e9 (ci-apr\u00e8s la Politique).<br \/>\nEn naviguant sur notre site Internet ou en utilisant nos syst\u00e8mes ou nos services, vous<br \/>\nreconnaissez avoir lu et compris la pr\u00e9sente politique et consentez \u00e0 ce que vos donn\u00e9es<br \/>\net renseignements personnels soient trait\u00e9s en conformit\u00e9 avec cette derni\u00e8re, le cas<br \/>\n\u00e9ch\u00e9ant.<br \/>\n1. Objectifs de la politique de confidentialit\u00e9<br \/>\nLe respect de la vie priv\u00e9e ainsi que la protection des renseignements personnels sont<br \/>\nessentiels pour nous et nous d\u00e9sirons \u00eatre conforme en vertu de la Loi modernisant des<br \/>\ndispositions l\u00e9gislatives en mati\u00e8re de protection des renseignements personnels (Loi 25),<br \/>\nc\u2019est pourquoi, par la pr\u00e9sente Politique, nous entendons prot\u00e9ger ceux-ci conform\u00e9ment<br \/>\naux lois en vigueur.<br \/>\nAfin d\u2019assurer cette protection, L\u2019ORGANISATION s\u2019engage \u00e0 ne collecter, traiter et<br \/>\npartager une information permettant d\u2019identifier un individu que pour les fins expliqu\u00e9es<br \/>\nci-dessous et qu\u2019apr\u00e8s le consentement de ce dernier, \u00e0 moins que cela ne soit permis ou<br \/>\nrequis par la loi, auquel cas le consentement ne sera pas n\u00e9cessaire.<br \/>\nLa Politique a pour objectif d\u2019informer les utilisateurs des raisons et de la fa\u00e7on, dont<br \/>\nL\u2019ORGANISATION, ou toute personne agissant en son nom, va collecter et utiliser leurs<br \/>\nrenseignements personnels. Elle se veut \u00eatre en langage clair afin de s\u2019assurer un<br \/>\nconsentement \u00e9clair\u00e9 des utilisateurs.<br \/>\n2. Entr\u00e9e en vigueur<br \/>\nLa pr\u00e9sente Politique s\u2019applique \u00e0 partir du 1er septembre 2023.<br \/>\n3. D\u00e9finitions<br \/>\nLes informations personnelles sont des informations qui permettent d\u2019identifier une<br \/>\npersonne physique, directement ou indirectement.<br \/>\nLa Politique de confidentialit\u00e9 signifie la pr\u00e9sente politique de confidentialit\u00e9 pour la<br \/>\ncollecte, l&#8217;utilisation, la divulgation, la conservation et la destruction des renseignements<br \/>\npersonnels conform\u00e9ment aux lois sur la protection de la vie priv\u00e9e.<br \/>\n4. Renseignements personnels collect\u00e9s<br \/>\nL\u2019ORGANISATION peut collecter des renseignements personnels sous diverses formes,<br \/>\nmais ne le fera que par des moyens licites et uniquement aux fins qui sont list\u00e9es dans la<br \/>\npr\u00e9sente Politique, ou lorsque permis ou requis par la loi.<br \/>\nLes renseignements personnels recueillis, ainsi que leur sensibilit\u00e9, peuvent varier en<br \/>\nfonction du contexte dans lequel se situent les interactions entre vous et<br \/>\nl\u2019ORGANISATION. C\u2019est pourquoi nous devons en priorit\u00e9 vous informer de la nature des<br \/>\nrenseignements personnels que nous utilisons.<br \/>\nParmi les renseignements personnels susceptibles d\u2019\u00eatre recueillis et utilis\u00e9s, nous<br \/>\naccordons une attention particuli\u00e8re notamment aux :<br \/>\nNom et coordonn\u00e9es. Pr\u00e9nom et nom de famille, adresse courriel, adresse postale,<br \/>\nnum\u00e9ro de t\u00e9l\u00e9phone et autres donn\u00e9es semblables servant \u00e0 communiquer avec vous.<br \/>\nDonn\u00e9es de paiement. Donn\u00e9es n\u00e9cessaires au traitement de vos paiements, comme le<br \/>\nnum\u00e9ro de l\u2019instrument de paiement (p. ex., le num\u00e9ro de votre carte de cr\u00e9dit) et le code<br \/>\nde s\u00e9curit\u00e9 qui s\u2019y rattache.<br \/>\nInteractions. Donn\u00e9es relatives \u00e0 votre utilisation des sites internet, plateformes et outils<br \/>\ncr\u00e9\u00e9s.<br \/>\n\u25cf Donn\u00e9es sur les sites consult\u00e9s et l\u2019utilisation.<br \/>\nPar exemple :<br \/>\n\u25cb Paiement et historique de compte. Donn\u00e9es sur les articles que vous<br \/>\nachetez et les activit\u00e9s associ\u00e9es \u00e0 votre compte.<br \/>\n\u25cb R\u00e9solution des probl\u00e8mes et donn\u00e9es d\u2019aide. Donn\u00e9es que vous<br \/>\nfournissez lorsque vous communiquez avec L\u2019ORGANISATION pour<br \/>\nobtenir de l\u2019aide, notamment les produits que vous utilisez, et d\u2019autres<br \/>\nrenseignements qui nous aident \u00e0 r\u00e9soudre votre probl\u00e8me.<br \/>\n\u25cf Donn\u00e9es sur la consommation de contenu. Donn\u00e9es sur le contenu multim\u00e9dia<br \/>\n(p. ex., vid\u00e9o et audio) auxquelles vous acc\u00e9dez par l\u2019interm\u00e9diaire de notre site.<br \/>\n\u25cf Recherches et commandes. Requ\u00eates de recherche et commandes que vous<br \/>\nemployez lorsque vous utilisez notre site internet.<br \/>\n\u25cf Donn\u00e9es de localisation. Des donn\u00e9es, qui peuvent \u00eatre pr\u00e9cises ou non, sur<br \/>\nl\u2019emplacement de votre appareil. Par exemple, il est possible de recueillir des<br \/>\ndonn\u00e9es de localisation \u00e0 partir de l\u2019adresse IP d\u2019un appareil ou des donn\u00e9es de<br \/>\nvotre profil de compte indiquant avec moins de pr\u00e9cision l\u2019endroit o\u00f9 vous vous<br \/>\ntrouvez, comme le nom d\u2019une ville ou un code postal.<br \/>\n\u25cf Autres donn\u00e9es. D\u2019autres donn\u00e9es fournies lorsque vous utilisez notre site<br \/>\ninternet, notamment, sans s\u2019y limiter, les donn\u00e9es issues de Google Analytics et<br \/>\nautres outils de statistiques.<br \/>\n5. Les modalit\u00e9s de recueil du consentement<br \/>\nNous recueillions les informations personnelles \u00e0 travers les demandes d\u2019information ou<br \/>\nde soumissions envoy\u00e9es par les utilisateurs de notre site web ou les clients qui nous<br \/>\ncontactent par t\u00e9l\u00e9phone ou en personne.<br \/>\nSur notre site web l\u2019utilisateur doit donner son consentement avant de naviguer sur le site<br \/>\nou faire une demande. L\u2019utilisateur fourni son consentement en r\u00e9pondant au message<br \/>\nde consentement qui apparait d\u00e8s que l\u2019utilisateur est sur le site web.<br \/>\nLorsque le client nous communique ses informations par t\u00e9l\u00e9phone ou en personne, le<br \/>\nconsentement pour l\u2019utilisation des informations pour les fins annonc\u00e9es est implicite et<br \/>\nclair.<br \/>\nSi nous voulons utiliser les renseignements personnels \u00e0 une nouvelle fin, nous d\u00e9crirons<br \/>\nl\u2019utilisation pr\u00e9vue et demanderons \u00e0 nouveau le consentement.<br \/>\nIl n\u2019est pas toujours possible, notamment dans le cadre d\u2019une demande de l\u2019\u00c9tat, d\u2019obtenir<br \/>\nle consentement de la personne pour recueillir, utiliser ou communiquer ses<br \/>\nrenseignements personnels. Nous nous engageons \u00e0 ne jamais communiquer ce type de<br \/>\nrenseignements, autrement qu\u2019en conformit\u00e9 avec la pr\u00e9sente Politique, sauf si la loi nous<br \/>\ny oblige ou le permet.<br \/>\n6. Objectifs de la collecte de donn\u00e9es<br \/>\nLes informations collect\u00e9es le sont conform\u00e9ment aux finalit\u00e9s et objectifs fix\u00e9s dans la<br \/>\npr\u00e9sente politique de confidentialit\u00e9.<br \/>\nVoici certaines raisons pour lesquelles nous collectons vos renseignements personnels :<br \/>\n&#8211; Pour r\u00e9pondre aux demandes d\u2019information ou de services re\u00e7ues par nos<br \/>\nclients : nous allons collecter et traiter les donn\u00e9es et informations n\u00e9cessaires<br \/>\npour remplir notre mission et nos obligations contractuelles.<br \/>\n&#8211; Pour assurer et am\u00e9liorer nos produits et services : les donn\u00e9es collect\u00e9es<br \/>\nlors de vos interactions avec nos services sont susceptibles d\u2019\u00eatre utilis\u00e9es dans<br \/>\nle but d\u2019analyser et d\u2019am\u00e9liorer le fonctionnement de nos produits et services.<br \/>\n&#8211; Pour offrir des promotions ainsi que pour l\u2019IA : Les donn\u00e9es collect\u00e9es peuvent<br \/>\nservir dans le cadre d\u2019une promotion en cours que nous voudrions publiciser aux<br \/>\npr\u00e8s de nos clients, notamment par le biais de publicit\u00e9s et de messages de<br \/>\nmarketing. De plus, les donn\u00e9es collect\u00e9es et agr\u00e9g\u00e9es seront susceptibles d\u2019\u00eatre<br \/>\ntrait\u00e9es par des algorithmes utilisant l\u2019intelligence artificielle utilis\u00e9s par les moteurs<br \/>\nde recherche que les utilisateurs utilisent en navigant sur notre site web.<br \/>\n&#8211; Publicit\u00e9. L\u2019ORGANISATION utilise les donn\u00e9es collect\u00e9es par le biais de ses<br \/>\ninteractions avec vous, de certains de nos produits et sur des sites Web de tiers<br \/>\npour faire de la publicit\u00e9 de nos produits et services, notamment sur des sites tiers.<br \/>\nIl se peut que nous utilisions parfois des processus automatis\u00e9s afin de rendre les<br \/>\npublicit\u00e9s plus pertinentes.<br \/>\n&#8211; Pour \u00e9valuer les performances des produits et services : les donn\u00e9es sont<br \/>\nr\u00e9colt\u00e9es afin d\u2019avoir des informations sur les avantages, mais aussi les<br \/>\ninconv\u00e9nients de nos produits et services afin de les \u00e9valuer et de les r\u00e9soudre si<br \/>\nn\u00e9cessaire, notamment par le biais de sondages. Cela nous permet de nous<br \/>\nassurer de la qualit\u00e9 de nos produits et services en plus de favoriser la gestion de<br \/>\nrisques.<br \/>\n&#8211; Pour satisfaire des obligations l\u00e9gales : Les donn\u00e9es sont r\u00e9colt\u00e9es pour<br \/>\nsatisfaire \u00e0 des obligations issues de lois, r\u00e8glements ou trait\u00e9s internationaux.<br \/>\n&#8211; Cr\u00e9ation de rapports et op\u00e9rations commerciales. Nous utilisons des<br \/>\ndonn\u00e9es pour analyser nos op\u00e9rations et am\u00e9liorer le processus d\u00e9cisionnel.<br \/>\nCela nous permet de prendre des d\u00e9cisions inform\u00e9es et de cr\u00e9er des rapports<br \/>\nsur les performances de nos activit\u00e9s.<br \/>\n&#8211; Protection des droits et de la propri\u00e9t\u00e9. Nous utilisons les donn\u00e9es pour<br \/>\nd\u00e9tecter et emp\u00eacher les fraudes, r\u00e9soudre les litiges, mettre en \u0153uvre des<br \/>\ncontrats et prot\u00e9ger notre propri\u00e9t\u00e9. Nous pouvons utiliser des processus<br \/>\nautomatis\u00e9s pour d\u00e9tecter et faire en sorte d\u2019emp\u00eacher les activit\u00e9s qui violent nos<br \/>\ndroits et ceux de tiers.<br \/>\n7. Les proc\u00e9d\u00e9s de traitement utilis\u00e9s<br \/>\nL\u2019ORGANISATION accorde la plus grande importance \u00e0 la s\u00e9curit\u00e9 de vos<br \/>\nrenseignements personnels et s\u2019engage \u00e0 traiter ceux-ci suivant les normes et standards<br \/>\nde l\u2019industrie, uniquement pour les fins pour lesquelles ils sont recueillis tels que d\u00e9crits \u00e0<br \/>\nla pr\u00e9sente politique ou dans un avis sp\u00e9cifique \u00e0 cet effet. N\u00e9anmoins, la sauvegarde<br \/>\nabsolue de ces derniers est impossible compte tenu des limites de s\u00e9curit\u00e9 inh\u00e9rentes \u00e0<br \/>\nune transmission via Internet. Les renseignements qui nous sont transmis le sont donc<br \/>\nultimement aux risques et p\u00e9rils de l\u2019utilisateur.<br \/>\n8. Modalit\u00e9s d\u2019acc\u00e8s et de contr\u00f4le des renseignements personnels<br \/>\nL\u2019ORGANISATION s\u2019assure que tous les renseignements personnels en sa possession sont<br \/>\naussi exacts, actuels et complets que n\u00e9cessaire pour les fins pour lesquelles ils sont<br \/>\nutilis\u00e9s.<br \/>\n\u00c0 partir de la date requise par la loi, vous avez le droit de demander acc\u00e8s \u00e0 vos<br \/>\nrenseignements personnels aux fins de v\u00e9rification et de demander une correction si ces<br \/>\nderniers sont inexacts. Si vous croyez que vos renseignements personnels sont inexacts<br \/>\nou si vous souhaitez avoir acc\u00e8s \u00e0 vos renseignements personnels, vous pouvez faire<br \/>\nune demande en utilisant les coordonn\u00e9es fournies \u00e0 la fin de la pr\u00e9sente politique.<br \/>\nDans la mesure de nos moyens, nous vous fournirons un acc\u00e8s en temps opportun \u00e0 vos<br \/>\nrenseignements personnels. Toutefois, par mesure de s\u00e9curit\u00e9, il se peut que nous ayons<br \/>\nbesoin de v\u00e9rifier votre identit\u00e9.<br \/>\nPar ailleurs, il peut y avoir des circonstances o\u00f9 nous ne pourrons vous donner acc\u00e8s \u00e0<br \/>\nvos renseignements personnels. Notamment, lorsque l\u2019acc\u00e8s peut mener \u00e0 la divulgation<br \/>\nde renseignements personnels d&#8217;une autre personne et que cette personne refuse de<br \/>\nconsentir \u00e0 la divulgation de ceux-ci ou lorsque des restrictions juridiques s\u2019appliquent. Si<br \/>\nune telle situation se pr\u00e9sente, nous vous aviserons de la raison pour laquelle nous ne<br \/>\npouvons vous donner acc\u00e8s \u00e0 vos renseignements personnels.<br \/>\nSi votre demande concerne des donn\u00e9es apparaissant sur des pages Web ou des<br \/>\nplateformes de tierces parties, veuillez contacter directement ces tierces parties.<br \/>\n9. Partage et raison du partage des renseignements personnels \u00e0 des tiers<br \/>\nNous ne partageons pas vos renseignements personnels avec des entreprises, des<br \/>\norganisations, ni des personnes ext\u00e9rieures \u00e0 L\u2019ORGANISATION, \u00e0 l&#8217;exception de nos<br \/>\nfournisseurs et partenaires autoris\u00e9s qui ont besoin d\u2019avoir acc\u00e8s aux renseignements<br \/>\npour les fins \u00e9num\u00e9r\u00e9es \u00e0 la pr\u00e9sente politique et dans les limites de celle-ci, ainsi que<br \/>\ndans les cas suivants :<br \/>\n\u25cf Avec votre consentement.<br \/>\n\u25cf Pour le stockage dans des serveurs infonuagiques, dans quel cas les<br \/>\nrenseignements personnels pourraient transiter par des juridictions tierces ! Notez<br \/>\nque nous ne retenons que les services d\u2019entreprises renomm\u00e9es et dot\u00e9es de<br \/>\npolitiques de confidentialit\u00e9.<br \/>\n\u25cf Pour des besoins de traitement externe : Nous transmettons des renseignements<br \/>\npersonnels \u00e0 d\u2019autres entreprises ou personnes de confiance qui les traitent pour<br \/>\nnotre compte, selon nos instructions, conform\u00e9ment \u00e0 la pr\u00e9sente politique de<br \/>\nconfidentialit\u00e9, avec un degr\u00e9 de s\u00e9curit\u00e9 des donn\u00e9es au moins \u00e9quivalent au<br \/>\nn\u00f4tre et dans le respect de toute autre mesure appropri\u00e9e de s\u00e9curit\u00e9 et de<br \/>\nconfidentialit\u00e9.<br \/>\n\u25cf Pour des raisons juridiques : Nous transmettons des renseignements personnels<br \/>\nen dehors de notre entreprise si l\u2019acc\u00e8s \u00e0 ceux-ci est n\u00e9cessaire pour se conformer<br \/>\naux lois et r\u00e9glementations en vigueur.<br \/>\n10. T\u00e9moins et technologies similaires<br \/>\nL\u2019ORGANISATION peut utiliser des fichiers t\u00e9moins (\u00ab cookies \u00bb), des balises Internet,<br \/>\ndes pixels invisibles, des fichiers journal ou autres technologies pour collecter certains<br \/>\nrenseignements personnels relatifs aux visiteurs sur nos sites Web, ainsi que sur les<br \/>\ndestinataires de nos infolettres, invitations et autres communications. Les t\u00e9moins sont<br \/>\ndes \u00e9l\u00e9ments d&#8217;information transmis par le serveur au navigateur lors d&#8217;une visite du site<br \/>\nInternet et qui permettent d&#8217;identifier de fa\u00e7on unique la connexion en cours. Ces donn\u00e9es<br \/>\npeuvent inclure, sans s\u2019y limiter, des informations telles que votre adresse Internet (IP), le<br \/>\ntype de navigateur, la version du navigateur, les pages de notre site que vous consultez,<br \/>\nl\u2019heure et la date de votre visite, le temps de consultation et toutes autres statistiques.<br \/>\nLes t\u00e9moins utilis\u00e9s servent notamment \u00e0 retrouver l&#8217;historique de recherche ainsi que les<br \/>\npaniers (ex. : achats en ligne) li\u00e9s \u00e0 la session, pour faciliter l\u2019exp\u00e9rience de navigation en<br \/>\nligne de l\u2019utilisateur. Il est important de savoir que, l&#8217;activation de l&#8217;option t\u00e9moins peut,<br \/>\nselon la configuration choisie, permettre \u00e0 d&#8217;autres serveurs d&#8217;installer des t\u00e9moins sur<br \/>\nvotre syst\u00e8me. Vous pouvez d\u00e9finir les param\u00e8tres de votre navigateur pour qu&#8217;il vous<br \/>\ninforme de la pr\u00e9sence de t\u00e9moins, vous laissant ainsi la possibilit\u00e9 de les accepter ou<br \/>\nnon.<br \/>\nVeuillez noter que notre site Web pourrait contenir des liens ou renvois vers des sites de<br \/>\ntierces parties. La pr\u00e9sente politique cesse de s\u2019appliquer au moment de quitter notre site<br \/>\nWeb et L\u2019ORGANISATION n\u2019est pas responsable de la collecte ou du traitement de<br \/>\nrenseignements personnels par ces tiers ou via ces sources externes.<br \/>\n11. Conservation des renseignements personnels<br \/>\nL\u2019ORGANISATION garde les donn\u00e9es collect\u00e9es pendant diff\u00e9rentes p\u00e9riodes de temps,<br \/>\nen fonction de leur nature et de leur utilit\u00e9 dans l\u2019offre de nos produits et services. Durant<br \/>\nla p\u00e9riode de conservation, L\u2019ORGANISATION prend des mesures physiques et<br \/>\ntechniques pour assurer la s\u00e9curit\u00e9 des donn\u00e9es contenant des renseignements<br \/>\npersonnels.<br \/>\nLes principaux endroits o\u00f9 sont conserv\u00e9s les renseignements personnels sont les villes<br \/>\ndans lesquelles L\u2019ORGANISATION poss\u00e8de des bureaux ou des installations et dans les<br \/>\nvilles dans lesquelles l\u2019h\u00e9bergeur Web poss\u00e8de des serveurs contenant les donn\u00e9es<br \/>\ncollect\u00e9es par L\u2019ORGANISATION.<br \/>\nLes renseignements personnels peuvent \u00eatre conserv\u00e9s \u00e0 l&#8217;ext\u00e9rieur du pays dans lequel<br \/>\nvous vivez, si un tiers fournisseur ou une autre entit\u00e9 \u00e0 qui nous divulguent des<br \/>\nrenseignements personnels conform\u00e9ment \u00e0 la pr\u00e9sente Politique est situ\u00e9 \u00e0 l&#8217;ext\u00e9rieur<br \/>\ndu pays. Dans de tels cas, les renseignements personnels peuvent \u00eatre assujettis aux lois<br \/>\nlocales des pays ou territoires au sein desquels les renseignements sont collect\u00e9s,<br \/>\nutilis\u00e9s, divulgu\u00e9s ou entrepos\u00e9s, et les autorit\u00e9s gouvernementales et les autorit\u00e9s<br \/>\ncharg\u00e9es de l&#8217;application de la loi de ces pays ou territoires peuvent y avoir acc\u00e8s.<br \/>\nUne fois la p\u00e9riode de conservation expir\u00e9e, les renseignements personnels sont d\u00e9truits.<br \/>\nSeuls les statistiques ou rapports contenant des donn\u00e9es d\u00e9personnalis\u00e9es et<br \/>\nanonymis\u00e9es pourront \u00eatre conserv\u00e9s pour des p\u00e9riodes prolong\u00e9es.<br \/>\nAutres informations<br \/>\nModifications des pr\u00e9sentes r\u00e8gles :<br \/>\nNous apportons des modifications \u00e0 la pr\u00e9sente Politique de confidentialit\u00e9 de temps \u00e0<br \/>\nautre. Toute diminution de vos droits dans le cadre de la pr\u00e9sente Politique de<br \/>\nconfidentialit\u00e9 ne saurait \u00eatre appliqu\u00e9e sans votre consentement explicite. Nous<br \/>\nindiquons toujours la date \u00e0 laquelle les derni\u00e8res modifications ont \u00e9t\u00e9 apport\u00e9es et vous<br \/>\npermettons d&#8217;acc\u00e9der aux versions archiv\u00e9es en vue de les consulter. Si les modifications<br \/>\nsont significatives, nous publions un avis mis en \u00e9vidence sur notre site Web (y compris,<br \/>\npour certains services, par le biais d&#8217;une notification par courriel).<br \/>\nPersonne responsable de la protection des renseignements personnels :<br \/>\nPour toute question, pour formuler des commentaires ou pour \u00e9mettre une plainte au sujet<br \/>\nde cette politique, vous pouvez communiquer avec la personne responsable de veiller au<br \/>\nrespect de cette politique de confidentialit\u00e9 :<br \/>\nResponsable de la protection des renseignements personnels<br \/>\nInes Dimassi<br \/>\n<a href=\"mailto:info@o-maximum.ca\">Courriel<\/a><\/div>\n<\/div>\n<\/div>\n<\/section>\n","protected":false},"excerpt":{"rendered":"<p>POLITIQUE DE CONFIDENTIALIT\u00c9 ET DE PROTECTION DES RENSEIGNEMENTS PERSONNELS NOTE : Veuillez lire cette politique de confidentialit\u00e9 au complet avant d&#8217;utiliser notre site Web. Aux fins de la pr\u00e9sente politique de confidentialit\u00e9, la compagnie O-Maximum sera d\u00e9sign\u00e9e sous le nom de &#8221; L&#8217;ORGANISATION &#8220;. Merci de visiter le site Internet de L\u2019ORGANISATION et de prendre [&hellip;]<\/p>\n","protected":false},"author":1,"featured_media":0,"parent":0,"menu_order":0,"comment_status":"closed","ping_status":"closed","template":"","meta":{"footnotes":""},"class_list":["post-20489","page","type-page","status-publish","hentry"],"_links":{"self":[{"href":"https:\/\/www.o-maximum.ca\/en\/wp-json\/wp\/v2\/pages\/20489","targetHints":{"allow":["GET"]}}],"collection":[{"href":"https:\/\/www.o-maximum.ca\/en\/wp-json\/wp\/v2\/pages"}],"about":[{"href":"https:\/\/www.o-maximum.ca\/en\/wp-json\/wp\/v2\/types\/page"}],"author":[{"embeddable":true,"href":"https:\/\/www.o-maximum.ca\/en\/wp-json\/wp\/v2\/users\/1"}],"replies":[{"embeddable":true,"href":"https:\/\/www.o-maximum.ca\/en\/wp-json\/wp\/v2\/comments?post=20489"}],"version-history":[{"count":4,"href":"https:\/\/www.o-maximum.ca\/en\/wp-json\/wp\/v2\/pages\/20489\/revisions"}],"predecessor-version":[{"id":20563,"href":"https:\/\/www.o-maximum.ca\/en\/wp-json\/wp\/v2\/pages\/20489\/revisions\/20563"}],"wp:attachment":[{"href":"https:\/\/www.o-maximum.ca\/en\/wp-json\/wp\/v2\/media?parent=20489"}],"curies":[{"name":"wp","href":"https:\/\/api.w.org\/{rel}","templated":true}]}}